{"id":370,"date":"2023-10-03T10:33:00","date_gmt":"2023-10-03T08:33:00","guid":{"rendered":"http:\/\/serwer221867.lh.pl\/autoinstalator\/serwer221867.lh.pl\/wordpress36165\/?page_id=370"},"modified":"2024-02-03T15:07:41","modified_gmt":"2024-02-03T14:07:41","slug":"roboty-drogowe-i-ziemne","status":"publish","type":"page","link":"http:\/\/serwer221867.lh.pl\/autoinstalator\/serwer221867.lh.pl\/wordpress36165\/roboty-drogowe-i-ziemne\/","title":{"rendered":"Roboty drogowe i ziemne"},"content":{"rendered":"\t\t<div data-elementor-type=\"wp-page\" data-elementor-id=\"370\" class=\"elementor elementor-370\">\n\t\t\t\t<div class=\"elementor-element elementor-element-42cd4b4 e-flex e-con-boxed e-con e-parent\" data-id=\"42cd4b4\" data-element_type=\"container\">\n\t\t\t\t\t<div class=\"e-con-inner\">\n\t\t\t\t<div class=\"elementor-element elementor-element-87b6c05 elementor-widget elementor-widget-spacer\" data-id=\"87b6c05\" data-element_type=\"widget\" data-widget_type=\"spacer.default\">\n\t\t\t\t<div class=\"elementor-widget-container\">\n\t\t\t\t\t<div class=\"elementor-spacer\">\n\t\t\t<div class=\"elementor-spacer-inner\"><\/div>\n\t\t<\/div>\n\t\t\t\t<\/div>\n\t\t\t\t<\/div>\n\t\t\t\t\t<\/div>\n\t\t\t\t<\/div>\n\t\t<div class=\"elementor-element elementor-element-504a0f9 e-flex e-con-boxed e-con e-parent\" data-id=\"504a0f9\" data-element_type=\"container\">\n\t\t\t\t\t<div class=\"e-con-inner\">\n\t\t\t\t<div class=\"elementor-element elementor-element-c86f87f elementor-widget__width-initial elementor-invisible elementor-widget elementor-widget-heading\" data-id=\"c86f87f\" data-element_type=\"widget\" data-settings=\"{&quot;_animation&quot;:&quot;slideInLeft&quot;}\" data-widget_type=\"heading.default\">\n\t\t\t\t<div class=\"elementor-widget-container\">\n\t\t\t<h2 class=\"elementor-heading-title elementor-size-default\">Roboty ziemne i drogowe<\/h2>\t\t<\/div>\n\t\t\t\t<\/div>\n\t\t\t\t<div class=\"elementor-element elementor-element-9928541 elementor-widget__width-inherit elementor-widget elementor-widget-text-editor\" data-id=\"9928541\" data-element_type=\"widget\" data-widget_type=\"text-editor.default\">\n\t\t\t\t<div class=\"elementor-widget-container\">\n\t\t\t\t\t\t\t<p><span style=\"color: #324a6d; font-family: Poppins, sans-serif; letter-spacing: normal; text-align: start; word-spacing: 0px;\">Nasza firma specjalizuje si\u0119 w \u015bwiadczeniu us\u0142ug robot ziemnych i drogowych, opieraj\u0105c si\u0119 na wieloletnim do\u015bwiadczeniu i profesjonalizmie. Dzi\u0119ki naszemu zgranemu zespo\u0142owi oraz nowoczesnemu sprz\u0119towi, zapewniamy klientom kompleksowe i efektywne rozwi\u0105zania, spe\u0142niaj\u0105c najwy\u017csze standardy jako\u015bci w bran\u017cy robot ziemnych i drogowych.<\/span><\/p>\t\t\t\t\t\t<\/div>\n\t\t\t\t<\/div>\n\t\t\t\t\t<\/div>\n\t\t\t\t<\/div>\n\t\t<div class=\"elementor-element elementor-element-2fe304b e-flex e-con-boxed e-con e-parent\" data-id=\"2fe304b\" data-element_type=\"container\">\n\t\t\t\t\t<div class=\"e-con-inner\">\n\t\t<div class=\"elementor-element elementor-element-92160a4 e-con-full e-flex elementor-invisible e-con e-child\" data-id=\"92160a4\" data-element_type=\"container\" data-settings=\"{&quot;animation&quot;:&quot;fadeInLeft&quot;,&quot;animation_delay&quot;:300}\">\n\t\t\t\t<div class=\"elementor-element elementor-element-529ab89 elementor-widget elementor-widget-image\" data-id=\"529ab89\" data-element_type=\"widget\" data-widget_type=\"image.default\">\n\t\t\t\t<div class=\"elementor-widget-container\">\n\t\t\t\t\t\t\t\t\t\t\t\t\t<img decoding=\"async\" width=\"100\" height=\"100\" src=\"http:\/\/serwer221867.lh.pl\/autoinstalator\/serwer221867.lh.pl\/wordpress36165\/wp-content\/uploads\/2023\/10\/roboty-ziemne-waszkiewicz.png\" class=\"attachment-large size-large wp-image-624\" alt=\"\" \/>\t\t\t\t\t\t\t\t\t\t\t\t\t<\/div>\n\t\t\t\t<\/div>\n\t\t\t\t<div class=\"elementor-element elementor-element-250eeb6 animated-slow elementor-widget__width-initial elementor-invisible elementor-widget elementor-widget-heading\" data-id=\"250eeb6\" data-element_type=\"widget\" data-settings=\"{&quot;_animation&quot;:&quot;slideInUp&quot;}\" data-widget_type=\"heading.default\">\n\t\t\t\t<div class=\"elementor-widget-container\">\n\t\t\t<h2 class=\"elementor-heading-title elementor-size-default\">roboty ziemne i wymiana grunt\u00f3w<\/h2>\t\t<\/div>\n\t\t\t\t<\/div>\n\t\t\t\t<\/div>\n\t\t<div class=\"elementor-element elementor-element-ac02d41 e-con-full e-flex elementor-invisible e-con e-child\" data-id=\"ac02d41\" data-element_type=\"container\" data-settings=\"{&quot;animation&quot;:&quot;fadeInLeft&quot;}\">\n\t\t\t\t<div class=\"elementor-element elementor-element-2ad0743 elementor-widget elementor-widget-image\" data-id=\"2ad0743\" data-element_type=\"widget\" data-widget_type=\"image.default\">\n\t\t\t\t<div class=\"elementor-widget-container\">\n\t\t\t\t\t\t\t\t\t\t\t\t\t<img decoding=\"async\" width=\"100\" height=\"100\" src=\"http:\/\/serwer221867.lh.pl\/autoinstalator\/serwer221867.lh.pl\/wordpress36165\/wp-content\/uploads\/2023\/10\/budowa-drog-waszkiewicz.png\" class=\"attachment-large size-large wp-image-626\" alt=\"\" \/>\t\t\t\t\t\t\t\t\t\t\t\t\t<\/div>\n\t\t\t\t<\/div>\n\t\t\t\t<div class=\"elementor-element elementor-element-0a87502 animated-slow elementor-widget__width-initial elementor-invisible elementor-widget elementor-widget-heading\" data-id=\"0a87502\" data-element_type=\"widget\" data-settings=\"{&quot;_animation&quot;:&quot;slideInUp&quot;}\" data-widget_type=\"heading.default\">\n\t\t\t\t<div class=\"elementor-widget-container\">\n\t\t\t<h2 class=\"elementor-heading-title elementor-size-default\">Budowa dr\u00f3g oraz utrzymanie dr\u00f3g<\/h2>\t\t<\/div>\n\t\t\t\t<\/div>\n\t\t\t\t<\/div>\n\t\t<div class=\"elementor-element elementor-element-2762337 e-con-full e-flex elementor-invisible e-con e-child\" data-id=\"2762337\" data-element_type=\"container\" data-settings=\"{&quot;animation&quot;:&quot;fadeInRight&quot;}\">\n\t\t\t\t<div class=\"elementor-element elementor-element-726ec89 elementor-widget elementor-widget-image\" data-id=\"726ec89\" data-element_type=\"widget\" data-widget_type=\"image.default\">\n\t\t\t\t<div class=\"elementor-widget-container\">\n\t\t\t\t\t\t\t\t\t\t\t\t\t<img decoding=\"async\" width=\"100\" height=\"100\" src=\"http:\/\/serwer221867.lh.pl\/autoinstalator\/serwer221867.lh.pl\/wordpress36165\/wp-content\/uploads\/2023\/10\/rozbiorka-i-wyburzenia-waszkiewicz.png\" class=\"attachment-large size-large wp-image-627\" alt=\"\" \/>\t\t\t\t\t\t\t\t\t\t\t\t\t<\/div>\n\t\t\t\t<\/div>\n\t\t\t\t<div class=\"elementor-element elementor-element-5f676ca animated-slow elementor-widget__width-initial elementor-invisible elementor-widget elementor-widget-heading\" data-id=\"5f676ca\" data-element_type=\"widget\" data-settings=\"{&quot;_animation&quot;:&quot;slideInUp&quot;}\" data-widget_type=\"heading.default\">\n\t\t\t\t<div class=\"elementor-widget-container\">\n\t\t\t<h2 class=\"elementor-heading-title elementor-size-default\">rozbi\u00f3rki oraz wyburzenia<\/h2>\t\t<\/div>\n\t\t\t\t<\/div>\n\t\t\t\t<\/div>\n\t\t<div class=\"elementor-element elementor-element-51e0680 e-con-full e-flex elementor-invisible e-con e-child\" data-id=\"51e0680\" data-element_type=\"container\" data-settings=\"{&quot;animation&quot;:&quot;fadeInRight&quot;,&quot;animation_delay&quot;:200}\">\n\t\t\t\t<div class=\"elementor-element elementor-element-7a83c5d elementor-widget elementor-widget-image\" data-id=\"7a83c5d\" data-element_type=\"widget\" data-widget_type=\"image.default\">\n\t\t\t\t<div class=\"elementor-widget-container\">\n\t\t\t\t\t\t\t\t\t\t\t\t\t<img loading=\"lazy\" decoding=\"async\" width=\"100\" height=\"100\" src=\"http:\/\/serwer221867.lh.pl\/autoinstalator\/serwer221867.lh.pl\/wordpress36165\/wp-content\/uploads\/2023\/10\/buldozer-ikona-waszkiewicz-s.png\" class=\"attachment-large size-large wp-image-628\" alt=\"\" \/>\t\t\t\t\t\t\t\t\t\t\t\t\t<\/div>\n\t\t\t\t<\/div>\n\t\t\t\t<div class=\"elementor-element elementor-element-11ed5dc animated-slow elementor-widget__width-initial elementor-invisible elementor-widget elementor-widget-heading\" data-id=\"11ed5dc\" data-element_type=\"widget\" data-settings=\"{&quot;_animation&quot;:&quot;slideInUp&quot;}\" data-widget_type=\"heading.default\">\n\t\t\t\t<div class=\"elementor-widget-container\">\n\t\t\t<h2 class=\"elementor-heading-title elementor-size-default\">Przygotujemy teren pod budow\u0119<\/h2>\t\t<\/div>\n\t\t\t\t<\/div>\n\t\t\t\t<\/div>\n\t\t\t\t\t<\/div>\n\t\t\t\t<\/div>\n\t\t<div class=\"elementor-element elementor-element-88e8aa4 e-flex e-con-boxed e-con e-parent\" data-id=\"88e8aa4\" data-element_type=\"container\">\n\t\t\t\t\t<div class=\"e-con-inner\">\n\t\t\t\t<div class=\"elementor-element elementor-element-86b975e elementor-widget elementor-widget-spacer\" data-id=\"86b975e\" data-element_type=\"widget\" data-widget_type=\"spacer.default\">\n\t\t\t\t<div class=\"elementor-widget-container\">\n\t\t\t\t\t<div class=\"elementor-spacer\">\n\t\t\t<div class=\"elementor-spacer-inner\"><\/div>\n\t\t<\/div>\n\t\t\t\t<\/div>\n\t\t\t\t<\/div>\n\t\t\t\t\t<\/div>\n\t\t\t\t<\/div>\n\t\t<div class=\"elementor-element elementor-element-c2b021b e-flex e-con-boxed e-con e-parent\" data-id=\"c2b021b\" data-element_type=\"container\">\n\t\t\t\t\t<div class=\"e-con-inner\">\n\t\t\t\t<div class=\"elementor-element elementor-element-3c44b3a elementor-widget elementor-widget-spacer\" data-id=\"3c44b3a\" data-element_type=\"widget\" data-widget_type=\"spacer.default\">\n\t\t\t\t<div class=\"elementor-widget-container\">\n\t\t\t\t\t<div class=\"elementor-spacer\">\n\t\t\t<div class=\"elementor-spacer-inner\"><\/div>\n\t\t<\/div>\n\t\t\t\t<\/div>\n\t\t\t\t<\/div>\n\t\t\t\t\t<\/div>\n\t\t\t\t<\/div>\n\t\t<div class=\"elementor-element elementor-element-0671aa7 e-flex e-con-boxed e-con e-parent\" data-id=\"0671aa7\" data-element_type=\"container\" data-settings=\"{&quot;background_background&quot;:&quot;classic&quot;}\">\n\t\t\t\t\t<div class=\"e-con-inner\">\n\t\t<div class=\"elementor-element elementor-element-f250081 e-con-full e-flex e-con e-child\" data-id=\"f250081\" data-element_type=\"container\">\n\t\t\t\t<div class=\"elementor-element elementor-element-797c0bb elementor-invisible elementor-widget elementor-widget-heading\" data-id=\"797c0bb\" data-element_type=\"widget\" data-settings=\"{&quot;_animation&quot;:&quot;zoomIn&quot;}\" data-widget_type=\"heading.default\">\n\t\t\t\t<div class=\"elementor-widget-container\">\n\t\t\t<h5 class=\"elementor-heading-title elementor-size-default\">Zaufaj profesjonalistom w dziedzinie rob\u00f3t ziemnych i drogowych!<\/h5>\t\t<\/div>\n\t\t\t\t<\/div>\n\t\t\t\t<div class=\"elementor-element elementor-element-7a360ac elementor-widget__width-initial elementor-invisible elementor-widget elementor-widget-text-editor\" data-id=\"7a360ac\" data-element_type=\"widget\" data-settings=\"{&quot;_animation&quot;:&quot;zoomIn&quot;}\" data-widget_type=\"text-editor.default\">\n\t\t\t\t<div class=\"elementor-widget-container\">\n\t\t\t\t\t\t\t<p>Charakteryzujemy si\u0119 profesjonalnym podej\u015bciem do ka\u017cdej us\u0142ugi.<\/p>\t\t\t\t\t\t<\/div>\n\t\t\t\t<\/div>\n\t\t\t\t<\/div>\n\t\t<div class=\"elementor-element elementor-element-130fba2 e-con-full e-flex e-con e-child\" data-id=\"130fba2\" data-element_type=\"container\">\n\t\t<div class=\"elementor-element elementor-element-ea2d810 e-flex e-con-boxed e-con e-child\" data-id=\"ea2d810\" data-element_type=\"container\">\n\t\t\t\t\t<div class=\"e-con-inner\">\n\t\t\t\t<div class=\"elementor-element elementor-element-40012b7 elementor-align-center elementor-widget elementor-widget-button\" data-id=\"40012b7\" data-element_type=\"widget\" data-widget_type=\"button.default\">\n\t\t\t\t<div class=\"elementor-widget-container\">\n\t\t\t\t\t<div class=\"elementor-button-wrapper\">\n\t\t\t<a class=\"elementor-button elementor-button-link elementor-size-sm\" href=\"tel:+48%20501%20230%20144\">\n\t\t\t\t\t\t<span class=\"elementor-button-content-wrapper\">\n\t\t\t\t\t\t<span class=\"elementor-button-icon\">\n\t\t\t\t<i aria-hidden=\"true\" class=\"fas fa-phone\"><\/i>\t\t\t<\/span>\n\t\t\t\t\t\t\t\t\t<span class=\"elementor-button-text\">ZADZWO\u0143<\/span>\n\t\t\t\t\t<\/span>\n\t\t\t\t\t<\/a>\n\t\t<\/div>\n\t\t\t\t<\/div>\n\t\t\t\t<\/div>\n\t\t\t\t\t<\/div>\n\t\t\t\t<\/div>\n\t\t<div class=\"elementor-element elementor-element-21976f1 e-flex e-con-boxed e-con e-child\" data-id=\"21976f1\" data-element_type=\"container\">\n\t\t\t\t\t<div class=\"e-con-inner\">\n\t\t\t\t<div class=\"elementor-element elementor-element-430d8c4 elementor-align-center elementor-widget elementor-widget-button\" data-id=\"430d8c4\" data-element_type=\"widget\" data-widget_type=\"button.default\">\n\t\t\t\t<div class=\"elementor-widget-container\">\n\t\t\t\t\t<div class=\"elementor-button-wrapper\">\n\t\t\t<a class=\"elementor-button elementor-button-link elementor-size-sm\" href=\"http:\/\/serwer221867.lh.pl\/autoinstalator\/serwer221867.lh.pl\/wordpress36165\/kontakt-waszkiewicz-transport-ciezarowy\/\">\n\t\t\t\t\t\t<span class=\"elementor-button-content-wrapper\">\n\t\t\t\t\t\t<span class=\"elementor-button-icon\">\n\t\t\t\t<i aria-hidden=\"true\" class=\"fas fa-chevron-right\"><\/i>\t\t\t<\/span>\n\t\t\t\t\t\t\t\t\t<span class=\"elementor-button-text\">KONTAKT<\/span>\n\t\t\t\t\t<\/span>\n\t\t\t\t\t<\/a>\n\t\t<\/div>\n\t\t\t\t<\/div>\n\t\t\t\t<\/div>\n\t\t\t\t\t<\/div>\n\t\t\t\t<\/div>\n\t\t\t\t<\/div>\n\t\t\t\t\t<\/div>\n\t\t\t\t<\/div>\n\t\t<div class=\"elementor-element elementor-element-ab74117 e-flex e-con-boxed e-con e-parent\" data-id=\"ab74117\" data-element_type=\"container\">\n\t\t\t\t\t<div class=\"e-con-inner\">\n\t\t\t\t<div class=\"elementor-element elementor-element-6976289 elementor-widget elementor-widget-spacer\" data-id=\"6976289\" data-element_type=\"widget\" data-widget_type=\"spacer.default\">\n\t\t\t\t<div class=\"elementor-widget-container\">\n\t\t\t\t\t<div class=\"elementor-spacer\">\n\t\t\t<div class=\"elementor-spacer-inner\"><\/div>\n\t\t<\/div>\n\t\t\t\t<\/div>\n\t\t\t\t<\/div>\n\t\t\t\t\t<\/div>\n\t\t\t\t<\/div>\n\t\t\t\t<\/div>\n\t\t","protected":false},"excerpt":{"rendered":"<p>Roboty ziemne i drogowe Nasza firma specjalizuje si\u0119 w \u015bwiadczeniu us\u0142ug robot ziemnych i drogowych, opieraj\u0105c si\u0119 na wieloletnim do\u015bwiadczeniu i profesjonalizmie. Dzi\u0119ki naszemu zgranemu zespo\u0142owi oraz nowoczesnemu sprz\u0119towi, zapewniamy klientom kompleksowe i efektywne rozwi\u0105zania, spe\u0142niaj\u0105c najwy\u017csze standardy jako\u015bci w bran\u017cy robot ziemnych i drogowych. roboty ziemne i wymiana grunt\u00f3w Budowa dr\u00f3g oraz utrzymanie dr\u00f3g &hellip;<\/p>\n<p class=\"read-more\"> <a class=\"\" href=\"http:\/\/serwer221867.lh.pl\/autoinstalator\/serwer221867.lh.pl\/wordpress36165\/roboty-drogowe-i-ziemne\/\"> <span class=\"screen-reader-text\">Roboty drogowe i ziemne<\/span> Read More &raquo;<\/a><\/p>\n","protected":false},"author":1,"featured_media":0,"parent":0,"menu_order":0,"comment_status":"closed","ping_status":"closed","template":"","meta":{"site-sidebar-layout":"no-sidebar","site-content-layout":"","ast-site-content-layout":"full-width-container","site-content-style":"default","site-sidebar-style":"default","ast-global-header-display":"","ast-banner-title-visibility":"","ast-main-header-display":"","ast-hfb-above-header-display":"","ast-hfb-below-header-display":"","ast-hfb-mobile-header-display":"","site-post-title":"disabled","ast-breadcrumbs-content":"","ast-featured-img":"disabled","footer-sml-layout":"","theme-transparent-header-meta":"","adv-header-id-meta":"","stick-header-meta":"","header-above-stick-meta":"","header-main-stick-meta":"","header-below-stick-meta":"","astra-migrate-meta-layouts":"","footnotes":""},"class_list":["post-370","page","type-page","status-publish","hentry"],"_links":{"self":[{"href":"http:\/\/serwer221867.lh.pl\/autoinstalator\/serwer221867.lh.pl\/wordpress36165\/wp-json\/wp\/v2\/pages\/370"}],"collection":[{"href":"http:\/\/serwer221867.lh.pl\/autoinstalator\/serwer221867.lh.pl\/wordpress36165\/wp-json\/wp\/v2\/pages"}],"about":[{"href":"http:\/\/serwer221867.lh.pl\/autoinstalator\/serwer221867.lh.pl\/wordpress36165\/wp-json\/wp\/v2\/types\/page"}],"author":[{"embeddable":true,"href":"http:\/\/serwer221867.lh.pl\/autoinstalator\/serwer221867.lh.pl\/wordpress36165\/wp-json\/wp\/v2\/users\/1"}],"replies":[{"embeddable":true,"href":"http:\/\/serwer221867.lh.pl\/autoinstalator\/serwer221867.lh.pl\/wordpress36165\/wp-json\/wp\/v2\/comments?post=370"}],"version-history":[{"count":37,"href":"http:\/\/serwer221867.lh.pl\/autoinstalator\/serwer221867.lh.pl\/wordpress36165\/wp-json\/wp\/v2\/pages\/370\/revisions"}],"predecessor-version":[{"id":1781,"href":"http:\/\/serwer221867.lh.pl\/autoinstalator\/serwer221867.lh.pl\/wordpress36165\/wp-json\/wp\/v2\/pages\/370\/revisions\/1781"}],"wp:attachment":[{"href":"http:\/\/serwer221867.lh.pl\/autoinstalator\/serwer221867.lh.pl\/wordpress36165\/wp-json\/wp\/v2\/media?parent=370"}],"curies":[{"name":"wp","href":"https:\/\/api.w.org\/{rel}","templated":true}]}}