{"id":355,"date":"2023-10-03T10:03:38","date_gmt":"2023-10-03T08:03:38","guid":{"rendered":"http:\/\/serwer221867.lh.pl\/autoinstalator\/serwer221867.lh.pl\/wordpress36165\/?page_id=355"},"modified":"2024-02-03T15:59:46","modified_gmt":"2024-02-03T14:59:46","slug":"spedycja-i-logistyka","status":"publish","type":"page","link":"http:\/\/serwer221867.lh.pl\/autoinstalator\/serwer221867.lh.pl\/wordpress36165\/spedycja-i-logistyka\/","title":{"rendered":"Spedycja i logistyka"},"content":{"rendered":"\t\t<div data-elementor-type=\"wp-page\" data-elementor-id=\"355\" class=\"elementor elementor-355\">\n\t\t\t\t<div class=\"elementor-element elementor-element-e604e69 e-flex e-con-boxed e-con e-parent\" data-id=\"e604e69\" data-element_type=\"container\">\n\t\t\t\t\t<div class=\"e-con-inner\">\n\t\t\t\t<div class=\"elementor-element elementor-element-0c27a8a elementor-widget elementor-widget-spacer\" data-id=\"0c27a8a\" data-element_type=\"widget\" data-widget_type=\"spacer.default\">\n\t\t\t\t<div class=\"elementor-widget-container\">\n\t\t\t\t\t<div class=\"elementor-spacer\">\n\t\t\t<div class=\"elementor-spacer-inner\"><\/div>\n\t\t<\/div>\n\t\t\t\t<\/div>\n\t\t\t\t<\/div>\n\t\t\t\t<div class=\"elementor-element elementor-element-a27611a elementor-widget__width-initial elementor-invisible elementor-widget elementor-widget-heading\" data-id=\"a27611a\" data-element_type=\"widget\" data-settings=\"{&quot;_animation&quot;:&quot;slideInLeft&quot;}\" data-widget_type=\"heading.default\">\n\t\t\t\t<div class=\"elementor-widget-container\">\n\t\t\t<h2 class=\"elementor-heading-title elementor-size-default\">Spedycja i logistyka<\/h2>\t\t<\/div>\n\t\t\t\t<\/div>\n\t\t\t\t<div class=\"elementor-element elementor-element-0c15d37 elementor-widget__width-inherit elementor-widget elementor-widget-text-editor\" data-id=\"0c15d37\" data-element_type=\"widget\" data-widget_type=\"text-editor.default\">\n\t\t\t\t<div class=\"elementor-widget-container\">\n\t\t\t\t\t\t\t<p>Posiadamy 25-letnie do\u015bwiadczenie w nowoczesnej logistyce i spedycji, oparte na solidnych fundamentach i szerokiej bazie rzetelnych podwykonawc\u00f3w. Wsp\u00f3\u0142pracujemy z profesjonalistami, zapewniaj\u0105c kompleksowe us\u0142ugi transportowe, w tym planowanie tras, optymalizacj\u0119 koszt\u00f3w i terminow\u0105 realizacj\u0119 zlece\u0144. Nasz do\u015bwiadczony zesp\u00f3\u0142 dba o indywidualne potrzeby klienta, zapewniaj\u0105c efektywny i bezpieczny transport. Zaufaj nam, a zaplanujemy dla Ciebie drog\u0119 do sukcesu logistycznego, sprostaj\u0105c najbardziej wymagaj\u0105cym wyzwaniom.<\/p>\t\t\t\t\t\t<\/div>\n\t\t\t\t<\/div>\n\t\t\t\t\t<\/div>\n\t\t\t\t<\/div>\n\t\t<div class=\"elementor-element elementor-element-e86ecd7 e-flex e-con-boxed e-con e-parent\" data-id=\"e86ecd7\" data-element_type=\"container\">\n\t\t\t\t\t<div class=\"e-con-inner\">\n\t\t<div class=\"elementor-element elementor-element-f1044b7 e-flex e-con-boxed e-con e-child\" data-id=\"f1044b7\" data-element_type=\"container\">\n\t\t\t\t\t<div class=\"e-con-inner\">\n\t\t<div class=\"elementor-element elementor-element-525fc11 e-con-full e-flex elementor-invisible e-con e-child\" data-id=\"525fc11\" data-element_type=\"container\" data-settings=\"{&quot;animation&quot;:&quot;fadeInLeft&quot;,&quot;animation_delay&quot;:300}\">\n\t\t\t\t<div class=\"elementor-element elementor-element-7bdc51b elementor-widget elementor-widget-image\" data-id=\"7bdc51b\" data-element_type=\"widget\" data-widget_type=\"image.default\">\n\t\t\t\t<div class=\"elementor-widget-container\">\n\t\t\t\t\t\t\t\t\t\t\t\t\t<img decoding=\"async\" width=\"100\" height=\"100\" src=\"http:\/\/serwer221867.lh.pl\/autoinstalator\/serwer221867.lh.pl\/wordpress36165\/wp-content\/uploads\/2023\/10\/podwykonawca-waszkiewicz.png\" class=\"attachment-large size-large wp-image-610\" alt=\"\" \/>\t\t\t\t\t\t\t\t\t\t\t\t\t<\/div>\n\t\t\t\t<\/div>\n\t\t\t\t<div class=\"elementor-element elementor-element-9033577 animated-slow elementor-widget__width-initial elementor-invisible elementor-widget elementor-widget-heading\" data-id=\"9033577\" data-element_type=\"widget\" data-settings=\"{&quot;_animation&quot;:&quot;slideInUp&quot;}\" data-widget_type=\"heading.default\">\n\t\t\t\t<div class=\"elementor-widget-container\">\n\t\t\t<h2 class=\"elementor-heading-title elementor-size-default\">PROFESJONALNA BAZA PODWYKONAWC\u00d3W<\/h2>\t\t<\/div>\n\t\t\t\t<\/div>\n\t\t\t\t<\/div>\n\t\t<div class=\"elementor-element elementor-element-9e5cc4e e-con-full e-flex elementor-invisible e-con e-child\" data-id=\"9e5cc4e\" data-element_type=\"container\" data-settings=\"{&quot;animation&quot;:&quot;fadeInLeft&quot;}\">\n\t\t\t\t<div class=\"elementor-element elementor-element-70aa8af elementor-widget elementor-widget-image\" data-id=\"70aa8af\" data-element_type=\"widget\" data-widget_type=\"image.default\">\n\t\t\t\t<div class=\"elementor-widget-container\">\n\t\t\t\t\t\t\t\t\t\t\t\t\t<img decoding=\"async\" width=\"100\" height=\"100\" src=\"http:\/\/serwer221867.lh.pl\/autoinstalator\/serwer221867.lh.pl\/wordpress36165\/wp-content\/uploads\/2023\/10\/mapa-polski-waszkiewicz-1.png\" class=\"attachment-large size-large wp-image-612\" alt=\"\" \/>\t\t\t\t\t\t\t\t\t\t\t\t\t<\/div>\n\t\t\t\t<\/div>\n\t\t\t\t<div class=\"elementor-element elementor-element-051c9dd animated-slow elementor-widget__width-initial elementor-invisible elementor-widget elementor-widget-heading\" data-id=\"051c9dd\" data-element_type=\"widget\" data-settings=\"{&quot;_animation&quot;:&quot;slideInUp&quot;}\" data-widget_type=\"heading.default\">\n\t\t\t\t<div class=\"elementor-widget-container\">\n\t\t\t<h2 class=\"elementor-heading-title elementor-size-default\">US\u0141UGI SPEDYCYJNE NA TERENIE KRAJU I POZA<\/h2>\t\t<\/div>\n\t\t\t\t<\/div>\n\t\t\t\t<\/div>\n\t\t<div class=\"elementor-element elementor-element-38f6b89 e-con-full e-flex elementor-invisible e-con e-child\" data-id=\"38f6b89\" data-element_type=\"container\" data-settings=\"{&quot;animation&quot;:&quot;fadeInRight&quot;}\">\n\t\t\t\t<div class=\"elementor-element elementor-element-47ba30f elementor-widget elementor-widget-image\" data-id=\"47ba30f\" data-element_type=\"widget\" data-widget_type=\"image.default\">\n\t\t\t\t<div class=\"elementor-widget-container\">\n\t\t\t\t\t\t\t\t\t\t\t\t\t<img decoding=\"async\" width=\"100\" height=\"100\" src=\"http:\/\/serwer221867.lh.pl\/autoinstalator\/serwer221867.lh.pl\/wordpress36165\/wp-content\/uploads\/2023\/10\/odznaka-waszkiewicz.png\" class=\"attachment-large size-large wp-image-613\" alt=\"\" \/>\t\t\t\t\t\t\t\t\t\t\t\t\t<\/div>\n\t\t\t\t<\/div>\n\t\t\t\t<div class=\"elementor-element elementor-element-ba6ad98 animated-slow elementor-widget__width-initial elementor-invisible elementor-widget elementor-widget-heading\" data-id=\"ba6ad98\" data-element_type=\"widget\" data-settings=\"{&quot;_animation&quot;:&quot;slideInUp&quot;}\" data-widget_type=\"heading.default\">\n\t\t\t\t<div class=\"elementor-widget-container\">\n\t\t\t<h2 class=\"elementor-heading-title elementor-size-default\">Logistyka na najwy\u017cszym poziomie<\/h2>\t\t<\/div>\n\t\t\t\t<\/div>\n\t\t\t\t<\/div>\n\t\t\t\t\t<\/div>\n\t\t\t\t<\/div>\n\t\t\t\t\t<\/div>\n\t\t\t\t<\/div>\n\t\t<div class=\"elementor-element elementor-element-170fd38 e-flex e-con-boxed e-con e-parent\" data-id=\"170fd38\" data-element_type=\"container\">\n\t\t\t\t\t<div class=\"e-con-inner\">\n\t\t\t\t<div class=\"elementor-element elementor-element-263b1f9 elementor-widget elementor-widget-spacer\" data-id=\"263b1f9\" data-element_type=\"widget\" data-widget_type=\"spacer.default\">\n\t\t\t\t<div class=\"elementor-widget-container\">\n\t\t\t\t\t<div class=\"elementor-spacer\">\n\t\t\t<div class=\"elementor-spacer-inner\"><\/div>\n\t\t<\/div>\n\t\t\t\t<\/div>\n\t\t\t\t<\/div>\n\t\t\t\t\t<\/div>\n\t\t\t\t<\/div>\n\t\t<div class=\"elementor-element elementor-element-4333c2b e-flex e-con-boxed e-con e-parent\" data-id=\"4333c2b\" data-element_type=\"container\">\n\t\t\t\t\t<div class=\"e-con-inner\">\n\t\t\t\t<div class=\"elementor-element elementor-element-0ee50ca elementor-widget__width-initial elementor-invisible elementor-widget elementor-widget-heading\" data-id=\"0ee50ca\" data-element_type=\"widget\" data-settings=\"{&quot;_animation&quot;:&quot;slideInLeft&quot;}\" data-widget_type=\"heading.default\">\n\t\t\t\t<div class=\"elementor-widget-container\">\n\t\t\t<h2 class=\"elementor-heading-title elementor-size-default\">Licencja spedycyjna<\/h2>\t\t<\/div>\n\t\t\t\t<\/div>\n\t\t\t\t<div class=\"elementor-element elementor-element-06f5c66 elementor-widget elementor-widget-image\" data-id=\"06f5c66\" data-element_type=\"widget\" data-widget_type=\"image.default\">\n\t\t\t\t<div class=\"elementor-widget-container\">\n\t\t\t\t\t\t\t\t\t\t\t\t\t<img loading=\"lazy\" decoding=\"async\" width=\"571\" height=\"812\" src=\"http:\/\/serwer221867.lh.pl\/autoinstalator\/serwer221867.lh.pl\/wordpress36165\/wp-content\/uploads\/2024\/02\/Przechwytywanie.png\" class=\"attachment-large size-large wp-image-1784\" alt=\"\" srcset=\"http:\/\/serwer221867.lh.pl\/autoinstalator\/serwer221867.lh.pl\/wordpress36165\/wp-content\/uploads\/2024\/02\/Przechwytywanie.png 571w, http:\/\/serwer221867.lh.pl\/autoinstalator\/serwer221867.lh.pl\/wordpress36165\/wp-content\/uploads\/2024\/02\/Przechwytywanie-211x300.png 211w\" sizes=\"(max-width: 571px) 100vw, 571px\" \/>\t\t\t\t\t\t\t\t\t\t\t\t\t<\/div>\n\t\t\t\t<\/div>\n\t\t\t\t<div class=\"elementor-element elementor-element-02312bc elementor-widget elementor-widget-spacer\" data-id=\"02312bc\" data-element_type=\"widget\" data-widget_type=\"spacer.default\">\n\t\t\t\t<div class=\"elementor-widget-container\">\n\t\t\t\t\t<div class=\"elementor-spacer\">\n\t\t\t<div class=\"elementor-spacer-inner\"><\/div>\n\t\t<\/div>\n\t\t\t\t<\/div>\n\t\t\t\t<\/div>\n\t\t\t\t\t<\/div>\n\t\t\t\t<\/div>\n\t\t<div class=\"elementor-element elementor-element-cc91202 e-flex e-con-boxed e-con e-parent\" data-id=\"cc91202\" data-element_type=\"container\" data-settings=\"{&quot;background_background&quot;:&quot;classic&quot;}\">\n\t\t\t\t\t<div class=\"e-con-inner\">\n\t\t<div class=\"elementor-element elementor-element-f256a83 e-con-full e-flex e-con e-child\" data-id=\"f256a83\" data-element_type=\"container\">\n\t\t\t\t<div class=\"elementor-element elementor-element-7835cc8 elementor-invisible elementor-widget elementor-widget-heading\" data-id=\"7835cc8\" data-element_type=\"widget\" data-settings=\"{&quot;_animation&quot;:&quot;zoomIn&quot;}\" data-widget_type=\"heading.default\">\n\t\t\t\t<div class=\"elementor-widget-container\">\n\t\t\t<h5 class=\"elementor-heading-title elementor-size-default\">Zaufaj profesjonalistom w dziedzinie spedycji i logistyki!<\/h5>\t\t<\/div>\n\t\t\t\t<\/div>\n\t\t\t\t<div class=\"elementor-element elementor-element-c84d768 elementor-widget__width-initial elementor-invisible elementor-widget elementor-widget-text-editor\" data-id=\"c84d768\" data-element_type=\"widget\" data-settings=\"{&quot;_animation&quot;:&quot;zoomIn&quot;}\" data-widget_type=\"text-editor.default\">\n\t\t\t\t<div class=\"elementor-widget-container\">\n\t\t\t\t\t\t\t<p>Charakteryzujemy si\u0119 profesjonalnym podej\u015bciem do ka\u017cdej us\u0142ugi.<\/p>\t\t\t\t\t\t<\/div>\n\t\t\t\t<\/div>\n\t\t\t\t<\/div>\n\t\t<div class=\"elementor-element elementor-element-4f4a41f e-con-full e-flex e-con e-child\" data-id=\"4f4a41f\" data-element_type=\"container\">\n\t\t<div class=\"elementor-element elementor-element-d761b2a e-flex e-con-boxed e-con e-child\" data-id=\"d761b2a\" data-element_type=\"container\">\n\t\t\t\t\t<div class=\"e-con-inner\">\n\t\t\t\t<div class=\"elementor-element elementor-element-0102333 elementor-align-center elementor-widget elementor-widget-button\" data-id=\"0102333\" data-element_type=\"widget\" data-widget_type=\"button.default\">\n\t\t\t\t<div class=\"elementor-widget-container\">\n\t\t\t\t\t<div class=\"elementor-button-wrapper\">\n\t\t\t<a class=\"elementor-button elementor-button-link elementor-size-sm\" href=\"tel:+48%20501%20230%20144\">\n\t\t\t\t\t\t<span class=\"elementor-button-content-wrapper\">\n\t\t\t\t\t\t<span class=\"elementor-button-icon\">\n\t\t\t\t<i aria-hidden=\"true\" class=\"fas fa-phone\"><\/i>\t\t\t<\/span>\n\t\t\t\t\t\t\t\t\t<span class=\"elementor-button-text\">ZADZWO\u0143<\/span>\n\t\t\t\t\t<\/span>\n\t\t\t\t\t<\/a>\n\t\t<\/div>\n\t\t\t\t<\/div>\n\t\t\t\t<\/div>\n\t\t\t\t\t<\/div>\n\t\t\t\t<\/div>\n\t\t<div class=\"elementor-element elementor-element-d28a0e0 e-flex e-con-boxed e-con e-child\" data-id=\"d28a0e0\" data-element_type=\"container\">\n\t\t\t\t\t<div class=\"e-con-inner\">\n\t\t\t\t<div class=\"elementor-element elementor-element-4495cf2 elementor-align-center elementor-widget elementor-widget-button\" data-id=\"4495cf2\" data-element_type=\"widget\" data-widget_type=\"button.default\">\n\t\t\t\t<div class=\"elementor-widget-container\">\n\t\t\t\t\t<div class=\"elementor-button-wrapper\">\n\t\t\t<a class=\"elementor-button elementor-button-link elementor-size-sm\" href=\"http:\/\/serwer221867.lh.pl\/autoinstalator\/serwer221867.lh.pl\/wordpress36165\/kontakt-waszkiewicz-transport-ciezarowy\/\">\n\t\t\t\t\t\t<span class=\"elementor-button-content-wrapper\">\n\t\t\t\t\t\t<span class=\"elementor-button-icon\">\n\t\t\t\t<i aria-hidden=\"true\" class=\"fas fa-chevron-right\"><\/i>\t\t\t<\/span>\n\t\t\t\t\t\t\t\t\t<span class=\"elementor-button-text\">KONTAKT<\/span>\n\t\t\t\t\t<\/span>\n\t\t\t\t\t<\/a>\n\t\t<\/div>\n\t\t\t\t<\/div>\n\t\t\t\t<\/div>\n\t\t\t\t\t<\/div>\n\t\t\t\t<\/div>\n\t\t\t\t<\/div>\n\t\t\t\t\t<\/div>\n\t\t\t\t<\/div>\n\t\t<div class=\"elementor-element elementor-element-24df2c7 e-flex e-con-boxed e-con e-parent\" data-id=\"24df2c7\" data-element_type=\"container\">\n\t\t\t\t\t<div class=\"e-con-inner\">\n\t\t\t\t<div class=\"elementor-element elementor-element-90e1be9 elementor-widget elementor-widget-spacer\" data-id=\"90e1be9\" data-element_type=\"widget\" data-widget_type=\"spacer.default\">\n\t\t\t\t<div class=\"elementor-widget-container\">\n\t\t\t\t\t<div class=\"elementor-spacer\">\n\t\t\t<div class=\"elementor-spacer-inner\"><\/div>\n\t\t<\/div>\n\t\t\t\t<\/div>\n\t\t\t\t<\/div>\n\t\t\t\t\t<\/div>\n\t\t\t\t<\/div>\n\t\t\t\t<\/div>\n\t\t","protected":false},"excerpt":{"rendered":"<p>Spedycja i logistyka Posiadamy 25-letnie do\u015bwiadczenie w nowoczesnej logistyce i spedycji, oparte na solidnych fundamentach i szerokiej bazie rzetelnych podwykonawc\u00f3w. Wsp\u00f3\u0142pracujemy z profesjonalistami, zapewniaj\u0105c kompleksowe us\u0142ugi transportowe, w tym planowanie tras, optymalizacj\u0119 koszt\u00f3w i terminow\u0105 realizacj\u0119 zlece\u0144. Nasz do\u015bwiadczony zesp\u00f3\u0142 dba o indywidualne potrzeby klienta, zapewniaj\u0105c efektywny i bezpieczny transport. Zaufaj nam, a zaplanujemy dla &hellip;<\/p>\n<p class=\"read-more\"> <a class=\"\" href=\"http:\/\/serwer221867.lh.pl\/autoinstalator\/serwer221867.lh.pl\/wordpress36165\/spedycja-i-logistyka\/\"> <span class=\"screen-reader-text\">Spedycja i logistyka<\/span> Read More &raquo;<\/a><\/p>\n","protected":false},"author":1,"featured_media":0,"parent":0,"menu_order":0,"comment_status":"closed","ping_status":"closed","template":"","meta":{"site-sidebar-layout":"no-sidebar","site-content-layout":"","ast-site-content-layout":"full-width-container","site-content-style":"default","site-sidebar-style":"default","ast-global-header-display":"","ast-banner-title-visibility":"","ast-main-header-display":"","ast-hfb-above-header-display":"","ast-hfb-below-header-display":"","ast-hfb-mobile-header-display":"","site-post-title":"disabled","ast-breadcrumbs-content":"","ast-featured-img":"disabled","footer-sml-layout":"","theme-transparent-header-meta":"","adv-header-id-meta":"","stick-header-meta":"","header-above-stick-meta":"","header-main-stick-meta":"","header-below-stick-meta":"","astra-migrate-meta-layouts":"","footnotes":""},"class_list":["post-355","page","type-page","status-publish","hentry"],"_links":{"self":[{"href":"http:\/\/serwer221867.lh.pl\/autoinstalator\/serwer221867.lh.pl\/wordpress36165\/wp-json\/wp\/v2\/pages\/355"}],"collection":[{"href":"http:\/\/serwer221867.lh.pl\/autoinstalator\/serwer221867.lh.pl\/wordpress36165\/wp-json\/wp\/v2\/pages"}],"about":[{"href":"http:\/\/serwer221867.lh.pl\/autoinstalator\/serwer221867.lh.pl\/wordpress36165\/wp-json\/wp\/v2\/types\/page"}],"author":[{"embeddable":true,"href":"http:\/\/serwer221867.lh.pl\/autoinstalator\/serwer221867.lh.pl\/wordpress36165\/wp-json\/wp\/v2\/users\/1"}],"replies":[{"embeddable":true,"href":"http:\/\/serwer221867.lh.pl\/autoinstalator\/serwer221867.lh.pl\/wordpress36165\/wp-json\/wp\/v2\/comments?post=355"}],"version-history":[{"count":43,"href":"http:\/\/serwer221867.lh.pl\/autoinstalator\/serwer221867.lh.pl\/wordpress36165\/wp-json\/wp\/v2\/pages\/355\/revisions"}],"predecessor-version":[{"id":1796,"href":"http:\/\/serwer221867.lh.pl\/autoinstalator\/serwer221867.lh.pl\/wordpress36165\/wp-json\/wp\/v2\/pages\/355\/revisions\/1796"}],"wp:attachment":[{"href":"http:\/\/serwer221867.lh.pl\/autoinstalator\/serwer221867.lh.pl\/wordpress36165\/wp-json\/wp\/v2\/media?parent=355"}],"curies":[{"name":"wp","href":"https:\/\/api.w.org\/{rel}","templated":true}]}}