{"id":3,"date":"2023-10-02T09:17:25","date_gmt":"2023-10-02T07:17:25","guid":{"rendered":"http:\/\/serwer221867.lh.pl\/autoinstalator\/serwer221867.lh.pl\/wordpress36165\/?page_id=3"},"modified":"2023-10-04T09:19:14","modified_gmt":"2023-10-04T07:19:14","slug":"polityka-prywatnosci","status":"publish","type":"page","link":"http:\/\/serwer221867.lh.pl\/autoinstalator\/serwer221867.lh.pl\/wordpress36165\/polityka-prywatnosci\/","title":{"rendered":"Polityka prywatno\u015bci"},"content":{"rendered":"\t\t<div data-elementor-type=\"wp-page\" data-elementor-id=\"3\" class=\"elementor elementor-3\">\n\t\t\t\t<div class=\"elementor-element elementor-element-327fa0aa e-flex e-con-boxed e-con e-parent\" data-id=\"327fa0aa\" data-element_type=\"container\">\n\t\t\t\t\t<div class=\"e-con-inner\">\n\t\t\t\t<div class=\"elementor-element elementor-element-54d2ca47 elementor-widget elementor-widget-text-editor\" data-id=\"54d2ca47\" data-element_type=\"widget\" data-widget_type=\"text-editor.default\">\n\t\t\t\t<div class=\"elementor-widget-container\">\n\t\t\t\t\t\t\t<p>Niniejsza Polityka Prywatno\u015bci okre\u015bla zasady przetwarzania i ochrony danych osobowych przekazanych przez U\u017cytkownik\u00f3w w zwi\u0105zku z korzystaniem przez nich z us\u0142ug Serwisu&nbsp;<span style=\"text-align: var(--text-align); background-color: var(--ast-global-color-5);\">http:\/\/serwer221867.lh.pl\/autoinstalator\/serwer221867.lh.pl\/wordpress36165\/&nbsp;<\/span><\/p>\n<p><strong style=\"font-style: inherit; text-align: var(--text-align); background-color: var(--ast-global-color-5); color: var(--ast-global-color-3);\">Postanowienia og\u00f3lne<\/strong><\/p>\n<p>Administratorem danych osobowych zbieranych za po\u015brednictwem strony <b>http:\/\/serwer221867.lh.pl\/autoinstalator\/serwer221867.lh.pl\/wordpress36165\/<\/b>&nbsp;jest Edmund Waszkiewicz, wsp\u00f3\u0142prowadz\u0105cy dzia\u0142alno\u015b\u0107 gospodarcz\u0105 pod nazw\u0105 Waszkiewicz Transport Towarowy , adres zarejestrowania dzia\u0142alno\u015bci Wo\u0142ownia 22a, 16-404 Jeleniewo. Adres poczty elektronicznej: edm@waszkiewicz-transport.com zwany dalej Administratorem i b\u0119d\u0105cy jednocze\u015bnie Us\u0142ugodawc\u0105.<\/p>\n<p><strong>Zakres i cel zbierania danych<\/strong><\/p>\n<p>Dane osobowe s\u0105 zbierane i przetwarzane w celu:<\/p>\n<ol>\n<li>nawi\u0105zania kontaktu poprzez formularz kontaktowy \u2013 imi\u0119, nazwisko oraz adres e-mail.<\/li>\n<\/ol>\n<p><strong>Dane podane w formularzu s\u0105 przetwarzane w celu wynikaj\u0105cym z funkcji konkretnego formularza np. w celu dokonania procesu obs\u0142ugi kontaktu informacyjnego.<\/strong><\/p>\n<p>Dane osobowe przekazywane nam przez Klient\u00f3w&nbsp; w tych celach przetwarzamy w spos\u00f3b zgodny z zakresem udzielonego przez Klient\u00f3w zezwolenia oraz wymogami prawa na podstawie art. 6 ust.1 lit. b, c , f Rozporz\u0105dzenia Parlamentu Europejskiego i Rady UE 2016\/679 z dnia 27.04.2016 w sprawie ochrony os\u00f3b fizycznych w zwi\u0105zku z przetwarzaniem danych osobowych i w sprawie swobodnego przep\u0142ywu takich danych oraz uchylenia dyrektywy 95\/46\/WE (RODO). Dane osobowe Klient\u00f3w przechowujemy na serwerach zapewniaj\u0105cych ich pe\u0142ne bezpiecze\u0144stwo. Dost\u0119p do bazy danych posiadaj\u0105 jedynie uprawnione osoby.<\/p>\n<p>Po wyra\u017ceniu odr\u0119bnej zgody, na podstawie art.6 ust.1 lit.a RODO dane mog\u0105 by\u0107 r\u00f3wnie\u017c przetwarzane w celach przesy\u0142ania informacji handlowych drog\u0105 elektroniczn\u0105, zgodnie z art. 10 ust. 2 Ustawy z dnia 18.07.2002 o \u015bwiadczeniu us\u0142ug drog\u0105 elektroniczn\u0105 lub art. 172 ust.1 Ustawy z dnia 16.07.2004 o Prawie Telekomunikacyjnym, o ile U\u017cytkownik wyrazi\u0142 stosown\u0105 zgod\u0119.<\/p>\n<p>Dane b\u0119d\u0105 przetwarzane przez okres konieczny do realizacji zam\u00f3wienia, po czym podlegaj\u0105 archiwizacji i przechowywane b\u0119d\u0105 przez okres 10 lat, tj. okres przedawnienia roszcze\u0144. Dane wykorzystywane w celach marketingowych b\u0119d\u0105 przechowywane do czasu pisemnego odwo\u0142ania zgody.<\/p>\n<p>W przypadku stwierdzenia naruszenia przepis\u00f3w RODO dotycz\u0105cych danych osobowych, osoba kt\u00f3rej dane dotycz\u0105 mo\u017ce wnie\u015b\u0107 skarg\u0119 do Generalnego Inspektora Danych Osobowych (od 25.05.2018 Prezesa Urz\u0119du Danych Osobowych).<\/p>\n<p>Administrator do\u0142o\u017cy wszelkich stara\u0144 w celu ochrony powierzonych mu danych osobowych.<\/p>\n<p>Prawo dost\u0119pu do w\u0142asnych danych i ich modyfikacji<\/p>\n<p>Do danych zawartych w formularzu przys\u0142uguje wgl\u0105d osobie fizycznej, kt\u00f3ra je tam umie\u015bci\u0142a. Osoba ta ma r\u00f3wnie\u017c praw do modyfikacji i zaprzestania przetwarzania swoich danych w dowolnym momencie. W celu realizacji wy\u017cej wymienionych uprawnie\u0144 nale\u017cy wys\u0142a\u0107 stosown\u0105 wiadomo\u015b\u0107 na adres:&nbsp;<span style=\"text-align: var(--text-align); background-color: var(--ast-global-color-5); color: var(--ast-global-color-3); font-size: 1rem;\">edm@waszkiewicz-transport.com<\/span><\/p>\n<p><span style=\"background-color: var(--ast-global-color-5); color: var(--ast-global-color-3); font-style: inherit; font-weight: inherit; text-align: var(--text-align);\">Dane osobowe pozostawione w serwisie nie zostan\u0105 sprzedane ani udost\u0119pnione osobom trzecim, zgodnie z przepisami Ustawy o ochronie danych osobowych.<\/span><\/p>\n<p><strong>Polityka w zakresie \u201ecookies\u201d<\/strong><\/p>\n<ol>\n<li>Serwis nie zbiera w spos\u00f3b automatyczny \u017cadnych informacji, z wyj\u0105tkiem informacji zawartych w plikach cookies.<\/li>\n<li>Pliki cookies (\u201eciasteczka\u201d) stanowi\u0105 dane informatyczne, w szczeg\u00f3lno\u015bci pliki tekstowe, kt\u00f3re przechowywane s\u0105 w urz\u0105dzeniu ko\u0144cowym U\u017cytkownika Serwisu i przeznaczone s\u0105 do korzystania ze stron internetowych Serwisu. Cookies zazwyczaj zawieraj\u0105 nazw\u0119 strony internetowej, z kt\u00f3rej pochodz\u0105, czas przechowywania ich na urz\u0105dzeniu ko\u0144cowym oraz unikalny numer.<\/li>\n<li>Podmiotem zamieszczaj\u0105cym na urz\u0105dzeniu ko\u0144cowym U\u017cytkownika Serwisu pliki cookies oraz uzyskuj\u0105cym do nich dost\u0119p jest operator Serwisu.<\/li>\n<li>Pliki cookies wykorzystywane s\u0105 w celu:\n<ol>\n<li>dostosowania zawarto\u015bci stron internetowych Serwisu do preferencji U\u017cytkownika oraz optymalizacji korzystania ze stron internetowych; w szczeg\u00f3lno\u015bci pliki te pozwalaj\u0105 rozpozna\u0107 urz\u0105dzenie U\u017cytkownika Serwisu i odpowiednio wy\u015bwietli\u0107 stron\u0119 internetow\u0105, dostosowan\u0105 do jego indywidualnych potrzeb;<\/li>\n<li>tworzenia statystyk, kt\u00f3re pomagaj\u0105 zrozumie\u0107, w jaki spos\u00f3b U\u017cytkownicy Serwisu korzystaj\u0105 ze stron internetowych, co umo\u017cliwia ulepszanie ich struktury i zawarto\u015bci;<\/li>\n<\/ol>\n<\/li>\n<li>W ramach Serwisu stosowane s\u0105 dwa zasadnicze rodzaje plik\u00f3w cookies: \u201esesyjne\u201d &nbsp;(<em>session cookies<\/em>) oraz \u201esta\u0142e\u201d (<em>persistent cookies<\/em>). Cookies \u201esesyjne\u201d s\u0105 plikami tymczasowymi, kt\u00f3re przechowywane s\u0105 w urz\u0105dzeniu ko\u0144cowym U\u017cytkownika do czasu wylogowania, opuszczenia strony internetowej lub wy\u0142\u0105czenia oprogramowania (przegl\u0105darki internetowej). \u201eSta\u0142e\u201d pliki cookies przechowywane s\u0105 w urz\u0105dzeniu ko\u0144cowym U\u017cytkownika przez czas okre\u015blony w parametrach plik\u00f3w cookies lub do czasu ich usuni\u0119cia przez U\u017cytkownika.<\/li>\n<li>W ramach Serwisu stosowane s\u0105 nast\u0119puj\u0105ce rodzaje plik\u00f3w cookies:\n<ol>\n<li>\u201ewydajno\u015bciowe\u201d pliki cookies, umo\u017cliwiaj\u0105ce zbieranie informacji o sposobie korzystania ze stron internetowych Serwisu;<\/li>\n<li>\u201efunkcjonalne\u201d pliki cookies, umo\u017cliwiaj\u0105ce \u201ezapami\u0119tanie\u201d wybranych przez U\u017cytkownika ustawie\u0144 i personalizacj\u0119 interfejsu U\u017cytkownika, np. w zakresie wybranego j\u0119zyka lub regionu, z kt\u00f3rego pochodzi U\u017cytkownik, rozmiaru czcionki, wygl\u0105du strony internetowej itp.;<\/li>\n<li>\u201ereklamowe\u201d pliki cookies, umo\u017cliwiaj\u0105ce dostarczanie U\u017cytkownikom tre\u015bci reklamowych bardziej dostosowanych do ich zainteresowa\u0144.<\/li>\n<\/ol>\n<\/li>\n<li>W wielu przypadkach oprogramowanie s\u0142u\u017c\u0105ce do przegl\u0105dania stron internetowych (przegl\u0105darka internetowa) domy\u015blnie dopuszcza przechowywanie plik\u00f3w cookies w urz\u0105dzeniu ko\u0144cowym U\u017cytkownika. U\u017cytkownicy Serwisu mog\u0105 dokona\u0107 w ka\u017cdym czasie zmiany ustawie\u0144 dotycz\u0105cych plik\u00f3w cookies. Ustawienia te mog\u0105 zosta\u0107 zmienione w szczeg\u00f3lno\u015bci w taki spos\u00f3b, aby blokowa\u0107 automatyczn\u0105 obs\u0142ug\u0119 plik\u00f3w cookies w ustawieniach przegl\u0105darki internetowej b\u0105d\u017a informowa\u0107 o ich ka\u017cdorazowym zamieszczeniu w urz\u0105dzeniu U\u017cytkownika Serwisu. Szczeg\u00f3\u0142owe informacje o mo\u017cliwo\u015bci i sposobach obs\u0142ugi plik\u00f3w cookies dost\u0119pne s\u0105 w ustawieniach oprogramowania (przegl\u0105darki internetowej).<\/li>\n<li>Operator Serwisu informuje, \u017ce ograniczenia stosowania plik\u00f3w cookies mog\u0105 wp\u0142yn\u0105\u0107 na niekt\u00f3re funkcjonalno\u015bci dost\u0119pne na stronach internetowych Serwisu.<\/li>\n<li>Pliki cookies zamieszczane w urz\u0105dzeniu ko\u0144cowym U\u017cytkownika Serwisu i wykorzystywane mog\u0105 by\u0107 r\u00f3wnie\u017c przez wsp\u00f3\u0142pracuj\u0105cych z operatorem Serwisu reklamodawc\u00f3w oraz partner\u00f3w.<\/li>\n<li>Wi\u0119cej informacji na temat plik\u00f3w cookies dost\u0119pnych jest na stronie wszystkoociasteczkach.pl lub w sekcji \u201ePomoc\u201d w menu przegl\u0105darki internetowej.<\/li>\n<\/ol>\n<p>Opublikowany w Serwisie wz\u00f3r polityki cookies chroniony jest prawem autorskim, kt\u00f3re przys\u0142uguj\u0105 IAB Polska.&nbsp; \u0179r\u00f3d\u0142o:&nbsp;http:\/\/wszystkoociasteczkach.pl\/<\/p>\n<p>W Serwisie mog\u0105 pojawia\u0107 si\u0119 linki do innych stron internetowych. Takie strony internetowe dzia\u0142aj\u0105 niezale\u017cnie od Serwisu i nie s\u0105 w \u017caden spos\u00f3b nadzorowane przez Serwis&nbsp;http:\/\/serwer221867.lh.pl\/autoinstalator\/serwer221867.lh.pl\/wordpress36165\/ . Strony te mog\u0105 posiada\u0107 w\u0142asne polityki dotycz\u0105ce prywatno\u015bci oraz regulaminy, z kt\u00f3rymi zalecamy si\u0119 zapozna\u0107.<\/p>\n<p><strong>Zmiany w regulaminie<\/strong><\/p>\n<p>Zastrzegamy sobie prawo do zmiany w polityce ochrony prywatno\u015bci serwisu, na kt\u00f3re mo\u017ce wp\u0142yn\u0105\u0107 rozw\u00f3j technologii internetowej, ewentualne zmiany prawa w zakresie ochrony danych osobowych oraz rozw\u00f3j naszego serwisu internetowego. O wszelkich zmianach b\u0119dziemy informowa\u0107 w spos\u00f3b widoczny i zrozumia\u0142y.<\/p>\n<p><strong>Postanowienia ko\u0144cowe<\/strong><\/p>\n<p>Administrator stosuje \u015brodki zapewniaj\u0105ce ochron\u0119 danych osobowych odpowiednie do zagro\u017ce\u0144 i kategorii danych obj\u0119tych ochron\u0105. Zabezpiecza dane przed udost\u0119pnianiem ich osobom nieupowa\u017cnionym, utrat\u0105, uszkodzeniem lub zniszczeniem.<\/p>\n<p>W sprawach nieuregulowanych niniejsz\u0105 Polityka Prywatno\u015bci stosuje si\u0119 odpowiednio postanowienia Regulaminu Waszkiewicz Transport Ci\u0119\u017carowy, postanowienia RODO oraz inne w\u0142a\u015bciwe przepisy prawa polskiego.<\/p>\n<p>Wszelkie pytania i sugestie odnosz\u0105ce si\u0119 do ochrony Pa\u0144stwa prywatno\u015bci, w szczeg\u00f3lno\u015bci danych osobowych prosimy zg\u0142asza\u0107 na adres edm@waszkiewicz-transport.com<\/p>\t\t\t\t\t\t<\/div>\n\t\t\t\t<\/div>\n\t\t\t\t\t<\/div>\n\t\t\t\t<\/div>\n\t\t\t\t<\/div>\n\t\t","protected":false},"excerpt":{"rendered":"<p>Niniejsza Polityka Prywatno\u015bci okre\u015bla zasady przetwarzania i ochrony danych osobowych przekazanych przez U\u017cytkownik\u00f3w w zwi\u0105zku z korzystaniem przez nich z us\u0142ug Serwisu&nbsp;http:\/\/serwer221867.lh.pl\/autoinstalator\/serwer221867.lh.pl\/wordpress36165\/&nbsp; Postanowienia og\u00f3lne Administratorem danych osobowych zbieranych za po\u015brednictwem strony http:\/\/serwer221867.lh.pl\/autoinstalator\/serwer221867.lh.pl\/wordpress36165\/&nbsp;jest Edmund Waszkiewicz, wsp\u00f3\u0142prowadz\u0105cy dzia\u0142alno\u015b\u0107 gospodarcz\u0105 pod nazw\u0105 Waszkiewicz Transport Towarowy , adres zarejestrowania dzia\u0142alno\u015bci Wo\u0142ownia 22a, 16-404 Jeleniewo. Adres poczty elektronicznej: edm@waszkiewicz-transport.com zwany &hellip;<\/p>\n<p class=\"read-more\"> <a class=\"\" href=\"http:\/\/serwer221867.lh.pl\/autoinstalator\/serwer221867.lh.pl\/wordpress36165\/polityka-prywatnosci\/\"> <span class=\"screen-reader-text\">Polityka prywatno\u015bci<\/span> Read More &raquo;<\/a><\/p>\n","protected":false},"author":1,"featured_media":0,"parent":0,"menu_order":0,"comment_status":"closed","ping_status":"open","template":"","meta":{"site-sidebar-layout":"default","site-content-layout":"","ast-site-content-layout":"","site-content-style":"default","site-sidebar-style":"default","ast-global-header-display":"","ast-banner-title-visibility":"","ast-main-header-display":"","ast-hfb-above-header-display":"","ast-hfb-below-header-display":"","ast-hfb-mobile-header-display":"","site-post-title":"","ast-breadcrumbs-content":"","ast-featured-img":"","footer-sml-layout":"","theme-transparent-header-meta":"","adv-header-id-meta":"","stick-header-meta":"","header-above-stick-meta":"","header-main-stick-meta":"","header-below-stick-meta":"","astra-migrate-meta-layouts":"","footnotes":""},"class_list":["post-3","page","type-page","status-publish","hentry"],"_links":{"self":[{"href":"http:\/\/serwer221867.lh.pl\/autoinstalator\/serwer221867.lh.pl\/wordpress36165\/wp-json\/wp\/v2\/pages\/3"}],"collection":[{"href":"http:\/\/serwer221867.lh.pl\/autoinstalator\/serwer221867.lh.pl\/wordpress36165\/wp-json\/wp\/v2\/pages"}],"about":[{"href":"http:\/\/serwer221867.lh.pl\/autoinstalator\/serwer221867.lh.pl\/wordpress36165\/wp-json\/wp\/v2\/types\/page"}],"author":[{"embeddable":true,"href":"http:\/\/serwer221867.lh.pl\/autoinstalator\/serwer221867.lh.pl\/wordpress36165\/wp-json\/wp\/v2\/users\/1"}],"replies":[{"embeddable":true,"href":"http:\/\/serwer221867.lh.pl\/autoinstalator\/serwer221867.lh.pl\/wordpress36165\/wp-json\/wp\/v2\/comments?post=3"}],"version-history":[{"count":3,"href":"http:\/\/serwer221867.lh.pl\/autoinstalator\/serwer221867.lh.pl\/wordpress36165\/wp-json\/wp\/v2\/pages\/3\/revisions"}],"predecessor-version":[{"id":556,"href":"http:\/\/serwer221867.lh.pl\/autoinstalator\/serwer221867.lh.pl\/wordpress36165\/wp-json\/wp\/v2\/pages\/3\/revisions\/556"}],"wp:attachment":[{"href":"http:\/\/serwer221867.lh.pl\/autoinstalator\/serwer221867.lh.pl\/wordpress36165\/wp-json\/wp\/v2\/media?parent=3"}],"curies":[{"name":"wp","href":"https:\/\/api.w.org\/{rel}","templated":true}]}}